{"id":1240,"date":"2025-09-09T17:41:10","date_gmt":"2025-09-09T15:41:10","guid":{"rendered":"https:\/\/laval-virtual-days.com\/?page_id=1240"},"modified":"2025-09-09T17:41:11","modified_gmt":"2025-09-09T15:41:11","slug":"partenaire-laval-virtual-days","status":"publish","type":"page","link":"https:\/\/laval-virtual-days.com\/index.php\/partenaire-laval-virtual-days\/","title":{"rendered":"Contact &#8211; Accueil \u00e9dition"},"content":{"rendered":"\n<div class=\"wp-block-cover alignfull .site-content { margin-top: 0; \/* Supprime l'espace apr\u00e8s le header *\/ margin-bottom: avant footer padding-top: padding en haut padding-bottom: bas }\"><span aria-hidden=\"true\" class=\"wp-block-cover__background has-background-dim-100 has-background-dim has-background-gradient\" style=\"background:linear-gradient(180deg,rgb(0,0,0) 0%,rgb(249,249,249) 89%)\"><\/span><div class=\"wp-block-cover__inner-container has-global-padding is-layout-constrained wp-block-cover-is-layout-constrained\">\n<div style=\"height:75px\" aria-hidden=\"true\" class=\"wp-block-spacer\"><\/div>\n\n\n\n<figure class=\"wp-block-image aligncenter size-large is-resized\"><img loading=\"lazy\" decoding=\"async\" width=\"1024\" height=\"377\" src=\"http:\/\/laval-virtual-days.com\/wp-content\/uploads\/2024\/11\/Laval-Virtual-Days-2025-1024x377.png\" alt=\"\" class=\"wp-image-343\" style=\"width:316px;height:auto\" srcset=\"https:\/\/laval-virtual-days.com\/wp-content\/uploads\/2024\/11\/Laval-Virtual-Days-2025-1024x377.png 1024w, https:\/\/laval-virtual-days.com\/wp-content\/uploads\/2024\/11\/Laval-Virtual-Days-2025-300x110.png 300w, https:\/\/laval-virtual-days.com\/wp-content\/uploads\/2024\/11\/Laval-Virtual-Days-2025-768x282.png 768w, https:\/\/laval-virtual-days.com\/wp-content\/uploads\/2024\/11\/Laval-Virtual-Days-2025.png 1414w\" sizes=\"(max-width: 1024px) 100vw, 1024px\" \/><\/figure>\n\n\n\n<h2 class=\"wp-block-heading has-text-align-center has-contrast-color has-text-color has-link-color wp-elements-ee2d37d66162e9400d52c790ac9b46ed\"><strong>Devenez notre prochain partenaire !<\/strong><\/h2>\n\n\n\n<p class=\"has-text-align-center\">Vous souhaitez accueillir une prochaine \u00e9dition au sein de vos locaux ?<br>Co-construisons une demi-journ\u00e9e d\u00e9di\u00e9e aux usages des nouvelles technologies ensemble !<\/p>\n\n\n\n<div style=\"height:25px\" aria-hidden=\"true\" class=\"wp-block-spacer\"><\/div>\n\n\n\n<script charset=\"utf-8\" type=\"text\/javascript\" src=\"\/\/js.hsforms.net\/forms\/embed\/v2.js\"><\/script>\n<script>\n  hbspt.forms.create({\n    portalId: \"3968235\",\n    formId: \"1129d972-135c-4286-bec4-c54f8dd18bdf\",\n    region: \"na1\"\n  });\n<\/script>\n\n\n\n<div style=\"height:50px\" aria-hidden=\"true\" class=\"wp-block-spacer\"><\/div>\n<\/div><\/div>\n","protected":false},"excerpt":{"rendered":"","protected":false},"author":3,"featured_media":0,"parent":0,"menu_order":0,"comment_status":"closed","ping_status":"closed","template":"","meta":{"content-type":"","footnotes":""},"yoast_head":"<!-- This site is optimized with the Yoast SEO plugin v21.6 - https:\/\/yoast.com\/wordpress\/plugins\/seo\/ -->\n<title>Devenez notre prochain partenaire - Laval Virtual Days<\/title>\n<meta name=\"description\" content=\"Vous souhaitez accueillir une prochaine \u00e9dition au sein de vos locaux ? Co-construisons une demi-journ\u00e9e d\u00e9di\u00e9e aux usages des nouvelles technologies ensemble !\" \/>\n<meta name=\"robots\" content=\"index, follow, max-snippet:-1, max-image-preview:large, max-video-preview:-1\" \/>\n<link rel=\"canonical\" href=\"https:\/\/laval-virtual-days.com\/index.php\/partenaire-laval-virtual-days\/\" \/>\n<meta property=\"og:locale\" content=\"fr_FR\" \/>\n<meta property=\"og:type\" content=\"article\" \/>\n<meta property=\"og:title\" content=\"Devenez notre prochain partenaire - Laval Virtual Days\" \/>\n<meta property=\"og:description\" content=\"Vous souhaitez accueillir une prochaine \u00e9dition au sein de vos locaux ? Co-construisons une demi-journ\u00e9e d\u00e9di\u00e9e aux usages des nouvelles technologies ensemble !\" \/>\n<meta property=\"og:url\" content=\"https:\/\/laval-virtual-days.com\/index.php\/partenaire-laval-virtual-days\/\" \/>\n<meta property=\"og:site_name\" content=\"Laval Virtual Days\" \/>\n<meta property=\"article:modified_time\" content=\"2025-09-09T15:41:11+00:00\" \/>\n<meta property=\"og:image\" content=\"http:\/\/laval-virtual-days.com\/wp-content\/uploads\/2024\/11\/Laval-Virtual-Days-2025-1024x377.png\" \/>\n<meta name=\"twitter:card\" content=\"summary_large_image\" \/>\n<meta name=\"twitter:label1\" content=\"Dur\u00e9e de lecture estim\u00e9e\" \/>\n\t<meta name=\"twitter:data1\" content=\"1 minute\" \/>\n<script type=\"application\/ld+json\" class=\"yoast-schema-graph\">{\"@context\":\"https:\/\/schema.org\",\"@graph\":[{\"@type\":\"WebPage\",\"@id\":\"https:\/\/laval-virtual-days.com\/index.php\/partenaire-laval-virtual-days\/\",\"url\":\"https:\/\/laval-virtual-days.com\/index.php\/partenaire-laval-virtual-days\/\",\"name\":\"Devenez notre prochain partenaire - Laval Virtual Days\",\"isPartOf\":{\"@id\":\"https:\/\/laval-virtual-days.com\/#website\"},\"datePublished\":\"2025-09-09T15:41:10+00:00\",\"dateModified\":\"2025-09-09T15:41:11+00:00\",\"description\":\"Vous souhaitez accueillir une prochaine \u00e9dition au sein de vos locaux ? Co-construisons une demi-journ\u00e9e d\u00e9di\u00e9e aux usages des nouvelles technologies ensemble !\",\"breadcrumb\":{\"@id\":\"https:\/\/laval-virtual-days.com\/index.php\/partenaire-laval-virtual-days\/#breadcrumb\"},\"inLanguage\":\"fr-FR\",\"potentialAction\":[{\"@type\":\"ReadAction\",\"target\":[\"https:\/\/laval-virtual-days.com\/index.php\/partenaire-laval-virtual-days\/\"]}]},{\"@type\":\"BreadcrumbList\",\"@id\":\"https:\/\/laval-virtual-days.com\/index.php\/partenaire-laval-virtual-days\/#breadcrumb\",\"itemListElement\":[{\"@type\":\"ListItem\",\"position\":1,\"name\":\"Accueil\",\"item\":\"https:\/\/laval-virtual-days.com\/\"},{\"@type\":\"ListItem\",\"position\":2,\"name\":\"Contact &#8211; Accueil \u00e9dition\"}]},{\"@type\":\"WebSite\",\"@id\":\"https:\/\/laval-virtual-days.com\/#website\",\"url\":\"https:\/\/laval-virtual-days.com\/\",\"name\":\"Laval Virtual Days\",\"description\":\"Un rendez-vous XR pour vous inspirer !\",\"publisher\":{\"@id\":\"https:\/\/laval-virtual-days.com\/#organization\"},\"potentialAction\":[{\"@type\":\"SearchAction\",\"target\":{\"@type\":\"EntryPoint\",\"urlTemplate\":\"https:\/\/laval-virtual-days.com\/?s={search_term_string}\"},\"query-input\":\"required name=search_term_string\"}],\"inLanguage\":\"fr-FR\"},{\"@type\":\"Organization\",\"@id\":\"https:\/\/laval-virtual-days.com\/#organization\",\"name\":\"Laval Virtual\",\"url\":\"https:\/\/laval-virtual-days.com\/\",\"logo\":{\"@type\":\"ImageObject\",\"inLanguage\":\"fr-FR\",\"@id\":\"https:\/\/laval-virtual-days.com\/#\/schema\/logo\/image\/\",\"url\":\"https:\/\/laval-virtual-days.com\/wp-content\/uploads\/2024\/11\/Laval-Virtual-Days-2025.png\",\"contentUrl\":\"https:\/\/laval-virtual-days.com\/wp-content\/uploads\/2024\/11\/Laval-Virtual-Days-2025.png\",\"width\":1414,\"height\":520,\"caption\":\"Laval Virtual\"},\"image\":{\"@id\":\"https:\/\/laval-virtual-days.com\/#\/schema\/logo\/image\/\"},\"sameAs\":[\"https:\/\/www.linkedin.com\/company\/laval-virtual\/\"]}]}<\/script>\n<!-- \/ Yoast SEO plugin. -->","yoast_head_json":{"title":"Devenez notre prochain partenaire - Laval Virtual Days","description":"Vous souhaitez accueillir une prochaine \u00e9dition au sein de vos locaux ? Co-construisons une demi-journ\u00e9e d\u00e9di\u00e9e aux usages des nouvelles technologies ensemble !","robots":{"index":"index","follow":"follow","max-snippet":"max-snippet:-1","max-image-preview":"max-image-preview:large","max-video-preview":"max-video-preview:-1"},"canonical":"https:\/\/laval-virtual-days.com\/index.php\/partenaire-laval-virtual-days\/","og_locale":"fr_FR","og_type":"article","og_title":"Devenez notre prochain partenaire - Laval Virtual Days","og_description":"Vous souhaitez accueillir une prochaine \u00e9dition au sein de vos locaux ? Co-construisons une demi-journ\u00e9e d\u00e9di\u00e9e aux usages des nouvelles technologies ensemble !","og_url":"https:\/\/laval-virtual-days.com\/index.php\/partenaire-laval-virtual-days\/","og_site_name":"Laval Virtual Days","article_modified_time":"2025-09-09T15:41:11+00:00","og_image":[{"url":"http:\/\/laval-virtual-days.com\/wp-content\/uploads\/2024\/11\/Laval-Virtual-Days-2025-1024x377.png"}],"twitter_card":"summary_large_image","twitter_misc":{"Dur\u00e9e de lecture estim\u00e9e":"1 minute"},"schema":{"@context":"https:\/\/schema.org","@graph":[{"@type":"WebPage","@id":"https:\/\/laval-virtual-days.com\/index.php\/partenaire-laval-virtual-days\/","url":"https:\/\/laval-virtual-days.com\/index.php\/partenaire-laval-virtual-days\/","name":"Devenez notre prochain partenaire - Laval Virtual Days","isPartOf":{"@id":"https:\/\/laval-virtual-days.com\/#website"},"datePublished":"2025-09-09T15:41:10+00:00","dateModified":"2025-09-09T15:41:11+00:00","description":"Vous souhaitez accueillir une prochaine \u00e9dition au sein de vos locaux ? Co-construisons une demi-journ\u00e9e d\u00e9di\u00e9e aux usages des nouvelles technologies ensemble !","breadcrumb":{"@id":"https:\/\/laval-virtual-days.com\/index.php\/partenaire-laval-virtual-days\/#breadcrumb"},"inLanguage":"fr-FR","potentialAction":[{"@type":"ReadAction","target":["https:\/\/laval-virtual-days.com\/index.php\/partenaire-laval-virtual-days\/"]}]},{"@type":"BreadcrumbList","@id":"https:\/\/laval-virtual-days.com\/index.php\/partenaire-laval-virtual-days\/#breadcrumb","itemListElement":[{"@type":"ListItem","position":1,"name":"Accueil","item":"https:\/\/laval-virtual-days.com\/"},{"@type":"ListItem","position":2,"name":"Contact &#8211; Accueil \u00e9dition"}]},{"@type":"WebSite","@id":"https:\/\/laval-virtual-days.com\/#website","url":"https:\/\/laval-virtual-days.com\/","name":"Laval Virtual Days","description":"Un rendez-vous XR pour vous inspirer !","publisher":{"@id":"https:\/\/laval-virtual-days.com\/#organization"},"potentialAction":[{"@type":"SearchAction","target":{"@type":"EntryPoint","urlTemplate":"https:\/\/laval-virtual-days.com\/?s={search_term_string}"},"query-input":"required name=search_term_string"}],"inLanguage":"fr-FR"},{"@type":"Organization","@id":"https:\/\/laval-virtual-days.com\/#organization","name":"Laval Virtual","url":"https:\/\/laval-virtual-days.com\/","logo":{"@type":"ImageObject","inLanguage":"fr-FR","@id":"https:\/\/laval-virtual-days.com\/#\/schema\/logo\/image\/","url":"https:\/\/laval-virtual-days.com\/wp-content\/uploads\/2024\/11\/Laval-Virtual-Days-2025.png","contentUrl":"https:\/\/laval-virtual-days.com\/wp-content\/uploads\/2024\/11\/Laval-Virtual-Days-2025.png","width":1414,"height":520,"caption":"Laval Virtual"},"image":{"@id":"https:\/\/laval-virtual-days.com\/#\/schema\/logo\/image\/"},"sameAs":["https:\/\/www.linkedin.com\/company\/laval-virtual\/"]}]}},"_links":{"self":[{"href":"https:\/\/laval-virtual-days.com\/index.php\/wp-json\/wp\/v2\/pages\/1240"}],"collection":[{"href":"https:\/\/laval-virtual-days.com\/index.php\/wp-json\/wp\/v2\/pages"}],"about":[{"href":"https:\/\/laval-virtual-days.com\/index.php\/wp-json\/wp\/v2\/types\/page"}],"author":[{"embeddable":true,"href":"https:\/\/laval-virtual-days.com\/index.php\/wp-json\/wp\/v2\/users\/3"}],"replies":[{"embeddable":true,"href":"https:\/\/laval-virtual-days.com\/index.php\/wp-json\/wp\/v2\/comments?post=1240"}],"version-history":[{"count":1,"href":"https:\/\/laval-virtual-days.com\/index.php\/wp-json\/wp\/v2\/pages\/1240\/revisions"}],"predecessor-version":[{"id":1242,"href":"https:\/\/laval-virtual-days.com\/index.php\/wp-json\/wp\/v2\/pages\/1240\/revisions\/1242"}],"wp:attachment":[{"href":"https:\/\/laval-virtual-days.com\/index.php\/wp-json\/wp\/v2\/media?parent=1240"}],"curies":[{"name":"wp","href":"https:\/\/api.w.org\/{rel}","templated":true}]}}