{"id":662,"date":"2024-11-19T15:41:03","date_gmt":"2024-11-19T14:41:03","guid":{"rendered":"https:\/\/laval-virtual-days.com\/?page_id=662"},"modified":"2026-04-16T16:56:21","modified_gmt":"2026-04-16T14:56:21","slug":"formulaire-inscription","status":"publish","type":"page","link":"https:\/\/laval-virtual-days.com\/index.php\/formulaire-inscription\/","title":{"rendered":"Formulaire Inscription"},"content":{"rendered":"\n<div class=\"wp-block-cover alignfull .site-content { margin-top: 0; \/* Supprime l'espace apr\u00e8s le header *\/ margin-bottom: avant footer padding-top: padding en haut padding-bottom: bas }\"><span aria-hidden=\"true\" class=\"wp-block-cover__background has-background-dim-100 has-background-dim has-background-gradient\" style=\"background:linear-gradient(180deg,rgb(0,0,0) 26%,rgb(249,249,249) 89%)\"><\/span><div class=\"wp-block-cover__inner-container has-global-padding is-layout-constrained wp-block-cover-is-layout-constrained\">\n<div style=\"height:75px\" aria-hidden=\"true\" class=\"wp-block-spacer\"><\/div>\n\n\n\n<figure class=\"wp-block-image aligncenter size-full is-resized\"><img loading=\"lazy\" decoding=\"async\" width=\"1920\" height=\"1080\" src=\"http:\/\/laval-virtual-days.com\/wp-content\/uploads\/2026\/04\/LV-Days-Bordeaux-fd-transparent.png\" alt=\"\" class=\"wp-image-1424\" style=\"width:316px;height:auto\" srcset=\"https:\/\/laval-virtual-days.com\/wp-content\/uploads\/2026\/04\/LV-Days-Bordeaux-fd-transparent.png 1920w, https:\/\/laval-virtual-days.com\/wp-content\/uploads\/2026\/04\/LV-Days-Bordeaux-fd-transparent-300x169.png 300w, https:\/\/laval-virtual-days.com\/wp-content\/uploads\/2026\/04\/LV-Days-Bordeaux-fd-transparent-1024x576.png 1024w, https:\/\/laval-virtual-days.com\/wp-content\/uploads\/2026\/04\/LV-Days-Bordeaux-fd-transparent-768x432.png 768w, https:\/\/laval-virtual-days.com\/wp-content\/uploads\/2026\/04\/LV-Days-Bordeaux-fd-transparent-1536x864.png 1536w\" sizes=\"(max-width: 1920px) 100vw, 1920px\" \/><\/figure>\n\n\n\n<h2 class=\"wp-block-heading has-text-align-center has-contrast-color has-text-color has-link-color wp-elements-cfa5ff43901a99a4fdbbc1c690c74692\"><strong>Inscrivez vous gratuitement<\/strong><\/h2>\n\n\n\n<p class=\"has-text-align-center\">En vous inscrivant \u00e0 l\u2019\u00e9v\u00e9nement, vous acceptez que vos donn\u00e9es personnelles soient collect\u00e9es et utilis\u00e9es par Laval Virtual ainsi que les partenaires de l&rsquo;\u00e9v\u00e9nement.<\/p>\n\n\n\n<div style=\"height:25px\" aria-hidden=\"true\" class=\"wp-block-spacer\"><\/div>\n\n\n\n<script charset=\"utf-8\" type=\"text\/javascript\" src=\"\/\/js.hsforms.net\/forms\/embed\/v2.js\"><\/script>\n<script>\n  hbspt.forms.create({\n    portalId: \"3968235\",\n    formId: \"6497be8c-188a-40e4-9d9b-132a2d334b8a\",\n    region: \"na1\"\n  });\n<\/script>\n\n\n\n<div style=\"height:100px\" aria-hidden=\"true\" class=\"wp-block-spacer\"><\/div>\n<\/div><\/div>\n","protected":false},"excerpt":{"rendered":"","protected":false},"author":3,"featured_media":0,"parent":0,"menu_order":0,"comment_status":"closed","ping_status":"closed","template":"","meta":{"content-type":"","footnotes":""},"yoast_head":"<!-- This site is optimized with the Yoast SEO plugin v21.6 - https:\/\/yoast.com\/wordpress\/plugins\/seo\/ -->\n<title>Formulaire Inscription - Laval Virtual Days<\/title>\n<meta name=\"description\" content=\"Inscrivez vous \u00e0 la prochaine \u00e9dition des Laval Virtual Days ! Rejoignez nous et d\u00e9couvrez ou approfondissez vos connaissances en VR \/ AR.\" \/>\n<meta name=\"robots\" content=\"index, follow, max-snippet:-1, max-image-preview:large, max-video-preview:-1\" \/>\n<link rel=\"canonical\" href=\"https:\/\/laval-virtual-days.com\/index.php\/formulaire-inscription\/\" \/>\n<meta property=\"og:locale\" content=\"fr_FR\" \/>\n<meta property=\"og:type\" content=\"article\" \/>\n<meta property=\"og:title\" content=\"Formulaire Inscription - Laval Virtual Days\" \/>\n<meta property=\"og:description\" content=\"Inscrivez vous \u00e0 la prochaine \u00e9dition des Laval Virtual Days ! Rejoignez nous et d\u00e9couvrez ou approfondissez vos connaissances en VR \/ AR.\" \/>\n<meta property=\"og:url\" content=\"https:\/\/laval-virtual-days.com\/index.php\/formulaire-inscription\/\" \/>\n<meta property=\"og:site_name\" content=\"Laval Virtual Days\" \/>\n<meta property=\"article:modified_time\" content=\"2026-04-16T14:56:21+00:00\" \/>\n<meta property=\"og:image\" content=\"http:\/\/laval-virtual-days.com\/wp-content\/uploads\/2026\/04\/LV-Days-Bordeaux-fd-transparent.png\" \/>\n<meta name=\"twitter:card\" content=\"summary_large_image\" \/>\n<meta name=\"twitter:label1\" content=\"Dur\u00e9e de lecture estim\u00e9e\" \/>\n\t<meta name=\"twitter:data1\" content=\"1 minute\" \/>\n<script type=\"application\/ld+json\" class=\"yoast-schema-graph\">{\"@context\":\"https:\/\/schema.org\",\"@graph\":[{\"@type\":\"WebPage\",\"@id\":\"https:\/\/laval-virtual-days.com\/index.php\/formulaire-inscription\/\",\"url\":\"https:\/\/laval-virtual-days.com\/index.php\/formulaire-inscription\/\",\"name\":\"Formulaire Inscription - Laval Virtual Days\",\"isPartOf\":{\"@id\":\"https:\/\/laval-virtual-days.com\/#website\"},\"datePublished\":\"2024-11-19T14:41:03+00:00\",\"dateModified\":\"2026-04-16T14:56:21+00:00\",\"description\":\"Inscrivez vous \u00e0 la prochaine \u00e9dition des Laval Virtual Days ! Rejoignez nous et d\u00e9couvrez ou approfondissez vos connaissances en VR \/ AR.\",\"breadcrumb\":{\"@id\":\"https:\/\/laval-virtual-days.com\/index.php\/formulaire-inscription\/#breadcrumb\"},\"inLanguage\":\"fr-FR\",\"potentialAction\":[{\"@type\":\"ReadAction\",\"target\":[\"https:\/\/laval-virtual-days.com\/index.php\/formulaire-inscription\/\"]}]},{\"@type\":\"BreadcrumbList\",\"@id\":\"https:\/\/laval-virtual-days.com\/index.php\/formulaire-inscription\/#breadcrumb\",\"itemListElement\":[{\"@type\":\"ListItem\",\"position\":1,\"name\":\"Accueil\",\"item\":\"https:\/\/laval-virtual-days.com\/\"},{\"@type\":\"ListItem\",\"position\":2,\"name\":\"Formulaire Inscription\"}]},{\"@type\":\"WebSite\",\"@id\":\"https:\/\/laval-virtual-days.com\/#website\",\"url\":\"https:\/\/laval-virtual-days.com\/\",\"name\":\"Laval Virtual Days\",\"description\":\"Un rendez-vous XR pour vous inspirer !\",\"publisher\":{\"@id\":\"https:\/\/laval-virtual-days.com\/#organization\"},\"potentialAction\":[{\"@type\":\"SearchAction\",\"target\":{\"@type\":\"EntryPoint\",\"urlTemplate\":\"https:\/\/laval-virtual-days.com\/?s={search_term_string}\"},\"query-input\":\"required name=search_term_string\"}],\"inLanguage\":\"fr-FR\"},{\"@type\":\"Organization\",\"@id\":\"https:\/\/laval-virtual-days.com\/#organization\",\"name\":\"Laval Virtual\",\"url\":\"https:\/\/laval-virtual-days.com\/\",\"logo\":{\"@type\":\"ImageObject\",\"inLanguage\":\"fr-FR\",\"@id\":\"https:\/\/laval-virtual-days.com\/#\/schema\/logo\/image\/\",\"url\":\"https:\/\/laval-virtual-days.com\/wp-content\/uploads\/2024\/11\/Laval-Virtual-Days-2025.png\",\"contentUrl\":\"https:\/\/laval-virtual-days.com\/wp-content\/uploads\/2024\/11\/Laval-Virtual-Days-2025.png\",\"width\":1414,\"height\":520,\"caption\":\"Laval Virtual\"},\"image\":{\"@id\":\"https:\/\/laval-virtual-days.com\/#\/schema\/logo\/image\/\"},\"sameAs\":[\"https:\/\/www.linkedin.com\/company\/laval-virtual\/\"]}]}<\/script>\n<!-- \/ Yoast SEO plugin. -->","yoast_head_json":{"title":"Formulaire Inscription - Laval Virtual Days","description":"Inscrivez vous \u00e0 la prochaine \u00e9dition des Laval Virtual Days ! Rejoignez nous et d\u00e9couvrez ou approfondissez vos connaissances en VR \/ AR.","robots":{"index":"index","follow":"follow","max-snippet":"max-snippet:-1","max-image-preview":"max-image-preview:large","max-video-preview":"max-video-preview:-1"},"canonical":"https:\/\/laval-virtual-days.com\/index.php\/formulaire-inscription\/","og_locale":"fr_FR","og_type":"article","og_title":"Formulaire Inscription - Laval Virtual Days","og_description":"Inscrivez vous \u00e0 la prochaine \u00e9dition des Laval Virtual Days ! Rejoignez nous et d\u00e9couvrez ou approfondissez vos connaissances en VR \/ AR.","og_url":"https:\/\/laval-virtual-days.com\/index.php\/formulaire-inscription\/","og_site_name":"Laval Virtual Days","article_modified_time":"2026-04-16T14:56:21+00:00","og_image":[{"url":"http:\/\/laval-virtual-days.com\/wp-content\/uploads\/2026\/04\/LV-Days-Bordeaux-fd-transparent.png"}],"twitter_card":"summary_large_image","twitter_misc":{"Dur\u00e9e de lecture estim\u00e9e":"1 minute"},"schema":{"@context":"https:\/\/schema.org","@graph":[{"@type":"WebPage","@id":"https:\/\/laval-virtual-days.com\/index.php\/formulaire-inscription\/","url":"https:\/\/laval-virtual-days.com\/index.php\/formulaire-inscription\/","name":"Formulaire Inscription - Laval Virtual Days","isPartOf":{"@id":"https:\/\/laval-virtual-days.com\/#website"},"datePublished":"2024-11-19T14:41:03+00:00","dateModified":"2026-04-16T14:56:21+00:00","description":"Inscrivez vous \u00e0 la prochaine \u00e9dition des Laval Virtual Days ! Rejoignez nous et d\u00e9couvrez ou approfondissez vos connaissances en VR \/ AR.","breadcrumb":{"@id":"https:\/\/laval-virtual-days.com\/index.php\/formulaire-inscription\/#breadcrumb"},"inLanguage":"fr-FR","potentialAction":[{"@type":"ReadAction","target":["https:\/\/laval-virtual-days.com\/index.php\/formulaire-inscription\/"]}]},{"@type":"BreadcrumbList","@id":"https:\/\/laval-virtual-days.com\/index.php\/formulaire-inscription\/#breadcrumb","itemListElement":[{"@type":"ListItem","position":1,"name":"Accueil","item":"https:\/\/laval-virtual-days.com\/"},{"@type":"ListItem","position":2,"name":"Formulaire Inscription"}]},{"@type":"WebSite","@id":"https:\/\/laval-virtual-days.com\/#website","url":"https:\/\/laval-virtual-days.com\/","name":"Laval Virtual Days","description":"Un rendez-vous XR pour vous inspirer !","publisher":{"@id":"https:\/\/laval-virtual-days.com\/#organization"},"potentialAction":[{"@type":"SearchAction","target":{"@type":"EntryPoint","urlTemplate":"https:\/\/laval-virtual-days.com\/?s={search_term_string}"},"query-input":"required name=search_term_string"}],"inLanguage":"fr-FR"},{"@type":"Organization","@id":"https:\/\/laval-virtual-days.com\/#organization","name":"Laval Virtual","url":"https:\/\/laval-virtual-days.com\/","logo":{"@type":"ImageObject","inLanguage":"fr-FR","@id":"https:\/\/laval-virtual-days.com\/#\/schema\/logo\/image\/","url":"https:\/\/laval-virtual-days.com\/wp-content\/uploads\/2024\/11\/Laval-Virtual-Days-2025.png","contentUrl":"https:\/\/laval-virtual-days.com\/wp-content\/uploads\/2024\/11\/Laval-Virtual-Days-2025.png","width":1414,"height":520,"caption":"Laval Virtual"},"image":{"@id":"https:\/\/laval-virtual-days.com\/#\/schema\/logo\/image\/"},"sameAs":["https:\/\/www.linkedin.com\/company\/laval-virtual\/"]}]}},"_links":{"self":[{"href":"https:\/\/laval-virtual-days.com\/index.php\/wp-json\/wp\/v2\/pages\/662"}],"collection":[{"href":"https:\/\/laval-virtual-days.com\/index.php\/wp-json\/wp\/v2\/pages"}],"about":[{"href":"https:\/\/laval-virtual-days.com\/index.php\/wp-json\/wp\/v2\/types\/page"}],"author":[{"embeddable":true,"href":"https:\/\/laval-virtual-days.com\/index.php\/wp-json\/wp\/v2\/users\/3"}],"replies":[{"embeddable":true,"href":"https:\/\/laval-virtual-days.com\/index.php\/wp-json\/wp\/v2\/comments?post=662"}],"version-history":[{"count":27,"href":"https:\/\/laval-virtual-days.com\/index.php\/wp-json\/wp\/v2\/pages\/662\/revisions"}],"predecessor-version":[{"id":1430,"href":"https:\/\/laval-virtual-days.com\/index.php\/wp-json\/wp\/v2\/pages\/662\/revisions\/1430"}],"wp:attachment":[{"href":"https:\/\/laval-virtual-days.com\/index.php\/wp-json\/wp\/v2\/media?parent=662"}],"curies":[{"name":"wp","href":"https:\/\/api.w.org\/{rel}","templated":true}]}}